{"id":115,"date":"2023-05-16T00:36:13","date_gmt":"2023-05-16T00:36:13","guid":{"rendered":"https:\/\/jesuitinaselche.tiendasolutia.com\/?page_id=115"},"modified":"2025-05-09T11:24:41","modified_gmt":"2025-05-09T09:24:41","slug":"terminos-condiciones-je","status":"publish","type":"page","link":"https:\/\/tiendasolutia.com\/en\/terminos-condiciones\/terminos-condiciones-je\/","title":{"rendered":"T\u00e9rminos y Condiciones &#8211; Jesuitinas Elche"},"content":{"rendered":"<h2>Introduction<\/h2>\n<p>Welcome to the online Chromebook store of <strong>Colegio Santa Mar\u00eda &#8211; Jesuitinas Elche<\/strong> en colaboraci\u00f3n con <span data-teams=\"true\">AVANCE EN EDUCACI\u00d3N GLOBAL S.L.<\/span> By using this website and purchasing products online, you agree to the terms and conditions set forth below. If you do not agree to these terms and conditions, please do not use our website.<\/p>\n<h2>Website Ownership<\/h2>\n<p>Este sitio web es propiedad y est\u00e1 operado por <span data-teams=\"true\">AVANCE EN EDUCACI\u00d3N GLOBAL S.L. <\/span>El contenido del sitio web, incluyendo pero no limitado a, el dise\u00f1o, las im\u00e1genes y el software, es propiedad de <span data-teams=\"true\">AVANCE EN EDUCACI\u00d3N GLOBAL S.L.<\/span> y est\u00e1 protegido por las leyes de propiedad intelectual.<\/p>\n<h2>Prices and Payments<\/h2>\n<p>All prices on our website are in \u20ac (euros) and include the corresponding Value Added Tax (VAT). We reserve the right to change prices without notice.<\/p>\n<p>Payment will be processed at the time of purchase through the Redsys platform. We accept all major credit cards and we also offer a financed payment option in collaboration with our partner financial institutions.<\/p>\n<h2>Delivery<\/h2>\n<p>The devices will be delivered on the date agreed with the corresponding school or educational center. All relevant information about delivery dates will be specified in the description of the purchased product. We promise to do our best to meet agreed delivery dates, but we are not responsible for delays caused by circumstances beyond our control. In the event that delivery is delayed for reasons beyond our control, we will contact you to inform you of the new estimated delivery date.<\/p>\n<h2>Warranty and Returns<\/h2>\n<p>Todos los equipos ofrecidos tienen garant\u00eda con da\u00f1os accidentales por parte del fabricante. Las reclamaciones de garant\u00eda se gestionan siempre a trav\u00e9s del colegio. El colegio proporcionar\u00e1 un equipo de sustituci\u00f3n mientras dure la reparaci\u00f3n. Si desea conocer m\u00e1s detalles acerca de las coberturas de dicha garant\u00eda puede obtener una descripci\u00f3n completa en el siguiente enlace: https:\/\/download.lenovo.com\/lenovo\/lsw\/ls_adp_es.pdf<\/p>\n<p>Regarding returns, if for any reason you are not satisfied with your purchase, please contact us within 14 days of receiving the product to request a refund or exchange. Please note that products must be returned in their original packaging and in resale condition to be eligible for a refund or exchange. Shipping and handling fees are non-refundable.<\/p>\n<h2>Privacy &amp; Security<\/h2>\n<p>We are committed to protecting your privacy and the security of your personal information. All information you provide to us will be used only to process your order and will not be shared with third parties, unless it is necessary to fulfill your order or is required by law. You can see more information in our Privacy Policy.<\/p>\n<h2>Applicable Law and Jurisdiction<\/h2>\n<p>Estos t\u00e9rminos y condiciones se regir\u00e1n e interpretar\u00e1n de acuerdo con las leyes de Espa\u00f1a. Cualquier disputa que surja de o en relaci\u00f3n con estos t\u00e9rminos y condiciones ser\u00e1 resuelta exclusivamente por los tribunales de Alicante.<\/p>\n<h2>Changes to the Terms and Conditions<\/h2>\n<p>We reserve the right to change these terms and conditions at any time. Any changes will be posted on our website. If you continue to use our website after any changes to these terms and conditions, you will be deemed to have accepted the changes.<\/p>\n<p>Thank you for your interest in our Chromebooks online store. If you have any questions or concerns, please do not hesitate to contact our customer service.<\/p>","protected":false},"excerpt":{"rendered":"<p>Introducci\u00f3n Bienvenido a la tienda en l\u00ednea de Chromebooks del Colegio Santa Mar\u00eda &#8211; Jesuitinas Elche en colaboraci\u00f3n con AVANCE EN EDUCACI\u00d3N GLOBAL S.L. Al utilizar este sitio web y comprar productos en l\u00ednea, usted acepta los t\u00e9rminos y condiciones que se detallan a continuaci\u00f3n. Si no est\u00e1 de acuerdo con estos t\u00e9rminos y condiciones, [&hellip;]<\/p>","protected":false},"author":1,"featured_media":0,"parent":1287,"menu_order":0,"comment_status":"closed","ping_status":"closed","template":"page-template-terms.php","meta":{"_acf_changed":false,"_et_pb_use_builder":"","_et_pb_old_content":"","_et_gb_content_width":"","footnotes":""},"class_list":["post-115","page","type-page","status-publish","hentry"],"acf":[],"_links":{"self":[{"href":"https:\/\/tiendasolutia.com\/en\/wp-json\/wp\/v2\/pages\/115","targetHints":{"allow":["GET"]}}],"collection":[{"href":"https:\/\/tiendasolutia.com\/en\/wp-json\/wp\/v2\/pages"}],"about":[{"href":"https:\/\/tiendasolutia.com\/en\/wp-json\/wp\/v2\/types\/page"}],"author":[{"embeddable":true,"href":"https:\/\/tiendasolutia.com\/en\/wp-json\/wp\/v2\/users\/1"}],"replies":[{"embeddable":true,"href":"https:\/\/tiendasolutia.com\/en\/wp-json\/wp\/v2\/comments?post=115"}],"version-history":[{"count":2,"href":"https:\/\/tiendasolutia.com\/en\/wp-json\/wp\/v2\/pages\/115\/revisions"}],"predecessor-version":[{"id":3406,"href":"https:\/\/tiendasolutia.com\/en\/wp-json\/wp\/v2\/pages\/115\/revisions\/3406"}],"up":[{"embeddable":true,"href":"https:\/\/tiendasolutia.com\/en\/wp-json\/wp\/v2\/pages\/1287"}],"wp:attachment":[{"href":"https:\/\/tiendasolutia.com\/en\/wp-json\/wp\/v2\/media?parent=115"}],"curies":[{"name":"wp","href":"https:\/\/api.w.org\/{rel}","templated":true}]}}