{"id":1270,"date":"2024-05-12T18:31:27","date_gmt":"2024-05-12T18:31:27","guid":{"rendered":"https:\/\/tiendasolutia.com\/?post_type=product&#038;p=1270"},"modified":"2024-12-11T08:16:22","modified_gmt":"2024-12-11T07:16:22","slug":"pack-lenovo-100e-gen4-cbk-jsm","status":"publish","type":"product","link":"https:\/\/tiendasolutia.com\/en\/market\/pack-lenovo-100e-gen4-cbk-jsm\/","title":{"rendered":"Pack Chromebook Lenovo 100e (extensi\u00f3n de garant\u00eda, filtrado de contenidos, licencia Google, configuraci\u00f3n inicial, canon digital)"},"content":{"rendered":"<blockquote><p>Pack Lenovo 100E disponible solo para primaria y secundaria<\/p><\/blockquote>\n<p>The Lenovo Chromebook 100e 4th Gen Education Pack is the perfect companion for your child's online learning. With an 11.6\u2033 screen and powerful performance driven by the Intel N100 processor, this Chromebook provides a smooth and efficient user experience.<\/p>\n<p>With 4GB of RAM and 32GB of storage, your children will have plenty of space to store their documents, presentations, and educational apps without any issues. The compact size of this Chromebook makes it perfect for taking anywhere, adapting to your children's learning needs.<\/p>\n<p>El pack tambi\u00e9n incluye una licencia de filtrado de contenido por 3 a\u00f1os, que proporciona una protecci\u00f3n y gesti\u00f3n completas para los dispositivos m\u00f3viles de tus hijos. Con esta herramienta, puedes establecer l\u00edmites de tiempo de pantalla, controlar y filtrar el acceso a contenido inapropiado y proteger a tus hijos de amenazas en l\u00ednea, brindando una experiencia de navegaci\u00f3n segura.<\/p>\n<p>Additionally, the Google Education Upgrade license provides access to a wide range of Google educational tools and applications. Your children will be able to collaborate, create, and explore high-quality educational content, enhancing their learning experience.<\/p>\n<p>This educational pack also includes a 3-year warranty and accidental damage coverage, providing you with peace of mind and long-term security for your investment.<\/p>\n<p>Adquiere ahora el pack del Lenovo 100e Gen4 procesador Intel N100 con 4GB RAM y 32 GB de almacenamiento (no t\u00e1ctil) con licencia de filtrado de contenidos por 3 a\u00f1os, licencia Google Education Upgrade y cobertura de garant\u00eda y da\u00f1os accidentales por 3 a\u00f1os, y brinda a tus hijos las herramientas que necesitan para tener \u00e9xito en su educaci\u00f3n digital.<\/p>","protected":false},"excerpt":{"rendered":"<p>Consigue ahora el Pack del Chromebook Lenovo 100e con la licencia Google, Canon Digital, Filtrado de Contenido y la cobertura de garant\u00eda y da\u00f1os accidentales durante 3 a\u00f1os.<\/p>\n<blockquote><p>Pack Lenovo 100E disponible solo para primaria y secundaria<\/p><\/blockquote>\n<p><strong>Note<\/strong>: It's important that before adding your order to the cart, you enter the name of the student in the field below.<\/p>","protected":false},"featured_media":1153,"template":"","meta":{"_acf_changed":false,"_et_pb_use_builder":"","_et_pb_old_content":"","_et_gb_content_width":""},"product_brand":[],"product_cat":[21],"product_tag":[22],"class_list":{"0":"post-1270","1":"product","2":"type-product","3":"status-publish","4":"has-post-thumbnail","6":"product_cat-chromebooks","7":"product_tag-pack","9":"first","10":"outofstock","11":"virtual","12":"purchasable","13":"product-type-simple"},"acf":[],"_links":{"self":[{"href":"https:\/\/tiendasolutia.com\/en\/wp-json\/wp\/v2\/product\/1270","targetHints":{"allow":["GET"]}}],"collection":[{"href":"https:\/\/tiendasolutia.com\/en\/wp-json\/wp\/v2\/product"}],"about":[{"href":"https:\/\/tiendasolutia.com\/en\/wp-json\/wp\/v2\/types\/product"}],"wp:featuredmedia":[{"embeddable":true,"href":"https:\/\/tiendasolutia.com\/en\/wp-json\/wp\/v2\/media\/1153"}],"wp:attachment":[{"href":"https:\/\/tiendasolutia.com\/en\/wp-json\/wp\/v2\/media?parent=1270"}],"wp:term":[{"taxonomy":"product_brand","embeddable":true,"href":"https:\/\/tiendasolutia.com\/en\/wp-json\/wp\/v2\/product_brand?post=1270"},{"taxonomy":"product_cat","embeddable":true,"href":"https:\/\/tiendasolutia.com\/en\/wp-json\/wp\/v2\/product_cat?post=1270"},{"taxonomy":"product_tag","embeddable":true,"href":"https:\/\/tiendasolutia.com\/en\/wp-json\/wp\/v2\/product_tag?post=1270"}],"curies":[{"name":"wp","href":"https:\/\/api.w.org\/{rel}","templated":true}]}}