{"id":1279,"date":"2024-05-12T19:29:20","date_gmt":"2024-05-12T19:29:20","guid":{"rendered":"https:\/\/tiendasolutia.com\/?post_type=product&#038;p=1279"},"modified":"2024-12-11T08:16:03","modified_gmt":"2024-12-11T07:16:03","slug":"pack-lenovo-300e-gen4-cbk-cbktsjcg","status":"publish","type":"product","link":"https:\/\/tiendasolutia.com\/en\/market\/pack-lenovo-300e-gen4-cbk-cbktsjcg\/","title":{"rendered":"Pack Chromebook Lenovo 300e (extensi\u00f3n de garant\u00eda, filtrado de contenidos, licencia Google, canon digital)"},"content":{"rendered":"<p>This educational pack is designed to facilitate online education for all students safely and efficiently. It includes the Lenovo 300e 4th generation Chromebook, which, along with the Google Education Upgrade license, provides students with access to exclusive Google educational tools and applications.<\/p>\n<p>Furthermore, these tools will allow all students the possibility to create high-quality presentations and school projects.<\/p>\n<p>El filtrado de contenido es una funci\u00f3n que permitir\u00e1 establecer l\u00edmites de tiempo y de acceso a ciertas p\u00e1ginas web, protegiendo a todo el alumnado de contenidos inapropiados. Por otro lado, la cobertura de garant\u00eda y da\u00f1os accidentales durante 2 a\u00f1os te dar\u00e1 tranquilidad y confianza en la inversi\u00f3n que haces para la educaci\u00f3n de tus hijos e hijas.<\/p>\n<p>With this educational pack, boys and girls will have everything they need to succeed in their studies and be protected while doing so.<\/p>\n<p>Make your children's education as easy and safe as possible with the Lenovo 300e 4th generation educational pack with Google Education Upgrade license!<\/p>","protected":false},"excerpt":{"rendered":"<p>Consigue ahora el Pack del Chromebook Lenovo 300e con la licencia Google, Canon Digital, Filtrado de Contenido y la cobertura de garant\u00eda y da\u00f1os accidentales durante 2 a\u00f1os.<\/p>\n<p><strong>Note<\/strong>: It's important that before adding your order to the cart, you enter the name of the student in the field below.<\/p>","protected":false},"featured_media":38,"template":"","meta":{"_acf_changed":false,"_et_pb_use_builder":"","_et_pb_old_content":"","_et_gb_content_width":""},"product_brand":[],"product_cat":[21],"product_tag":[22],"class_list":{"0":"post-1279","1":"product","2":"type-product","3":"status-publish","4":"has-post-thumbnail","6":"product_cat-chromebooks","7":"product_tag-pack","9":"first","10":"outofstock","11":"virtual","12":"purchasable","13":"product-type-simple"},"acf":[],"_links":{"self":[{"href":"https:\/\/tiendasolutia.com\/en\/wp-json\/wp\/v2\/product\/1279","targetHints":{"allow":["GET"]}}],"collection":[{"href":"https:\/\/tiendasolutia.com\/en\/wp-json\/wp\/v2\/product"}],"about":[{"href":"https:\/\/tiendasolutia.com\/en\/wp-json\/wp\/v2\/types\/product"}],"wp:featuredmedia":[{"embeddable":true,"href":"https:\/\/tiendasolutia.com\/en\/wp-json\/wp\/v2\/media\/38"}],"wp:attachment":[{"href":"https:\/\/tiendasolutia.com\/en\/wp-json\/wp\/v2\/media?parent=1279"}],"wp:term":[{"taxonomy":"product_brand","embeddable":true,"href":"https:\/\/tiendasolutia.com\/en\/wp-json\/wp\/v2\/product_brand?post=1279"},{"taxonomy":"product_cat","embeddable":true,"href":"https:\/\/tiendasolutia.com\/en\/wp-json\/wp\/v2\/product_cat?post=1279"},{"taxonomy":"product_tag","embeddable":true,"href":"https:\/\/tiendasolutia.com\/en\/wp-json\/wp\/v2\/product_tag?post=1279"}],"curies":[{"name":"wp","href":"https:\/\/api.w.org\/{rel}","templated":true}]}}