{"id":1467,"date":"2024-05-13T17:01:21","date_gmt":"2024-05-13T17:01:21","guid":{"rendered":"https:\/\/tiendasolutia.com\/?post_type=product&#038;p=1467"},"modified":"2024-12-11T08:15:49","modified_gmt":"2024-12-11T07:15:49","slug":"pack-chromebook-asus-cr11-cbktcre","status":"publish","type":"product","link":"https:\/\/tiendasolutia.com\/en\/market\/pack-chromebook-asus-cr11-cbktcre\/","title":{"rendered":"Pack Chromebook ASUS CR11 (extensi\u00f3n de garant\u00eda, licencia Google, canon digital)"},"content":{"rendered":"<p>Este completo pack educativo ha sido especialmente dise\u00f1ado para satisfacer las necesidades de los estudiantes en un entorno digital. El ASUS Chrome 11.6 HD No-Touch es una herramienta de aprendizaje poderosa y confiable con caracter\u00edsticas excepcionales.<\/p>\n<p>Equipado con un procesador Mediateck Kompiano, este Chromebook proporciona un rendimiento \u00e1gil y una respuesta r\u00e1pida, asegurando que los estudiantes puedan realizar sus tareas y proyectos sin problemas. Con 4GB de RAM y 32GB de almacenamiento, hay suficiente espacio para guardar documentos, fotos y aplicaciones educativas esenciales.<\/p>\n<p>La pantalla HD de 11.6 pulgadas del Chromebook ofrece una experiencia visual clara y n\u00edtida, ideal para actividades de aprendizaje en l\u00ednea. Su tama\u00f1o compacto lo hace perfecto para llevarlo a todas partes.<\/p>\n<p>La licencia Google Educaci\u00f3n Upgrade garantiza que los estudiantes tengan acceso a una amplia gama de herramientas educativas y aplicaciones exclusivas de Google, permitiendo que el dispositivo se gestione de una manera eficiente y segura y aprovechando al m\u00e1ximo las funciones de Chrome OS para educaci\u00f3n.<\/p>\n<p>Para mayor tranquilidad y protecci\u00f3n, este pack educativo incluye una extensi\u00f3n de garant\u00eda y cobertura de da\u00f1os accidentales SIN Franquicia por 48 meses, asegurando una mayor durabilidad y confiabilidad a largo plazo para el dispositivo.<\/p>","protected":false},"excerpt":{"rendered":"<p>Consigue ahora el Pack del Chromebook ASUS Mediateck Kompiano, licencia Google, Canon Digital y extensi\u00f3n de garant\u00eda y accidentes para 4 a\u00f1os.<\/p>\n<p><strong>Note<\/strong>: It's important that before adding your order to the cart, you enter the name of the student in the field below.<\/p>","protected":false},"featured_media":1465,"template":"","meta":{"_acf_changed":false,"_et_pb_use_builder":"","_et_pb_old_content":"","_et_gb_content_width":""},"product_brand":[],"product_cat":[21],"product_tag":[22],"class_list":{"0":"post-1467","1":"product","2":"type-product","3":"status-publish","4":"has-post-thumbnail","6":"product_cat-chromebooks","7":"product_tag-pack","9":"first","10":"outofstock","11":"virtual","12":"purchasable","13":"product-type-simple"},"acf":[],"_links":{"self":[{"href":"https:\/\/tiendasolutia.com\/en\/wp-json\/wp\/v2\/product\/1467","targetHints":{"allow":["GET"]}}],"collection":[{"href":"https:\/\/tiendasolutia.com\/en\/wp-json\/wp\/v2\/product"}],"about":[{"href":"https:\/\/tiendasolutia.com\/en\/wp-json\/wp\/v2\/types\/product"}],"wp:featuredmedia":[{"embeddable":true,"href":"https:\/\/tiendasolutia.com\/en\/wp-json\/wp\/v2\/media\/1465"}],"wp:attachment":[{"href":"https:\/\/tiendasolutia.com\/en\/wp-json\/wp\/v2\/media?parent=1467"}],"wp:term":[{"taxonomy":"product_brand","embeddable":true,"href":"https:\/\/tiendasolutia.com\/en\/wp-json\/wp\/v2\/product_brand?post=1467"},{"taxonomy":"product_cat","embeddable":true,"href":"https:\/\/tiendasolutia.com\/en\/wp-json\/wp\/v2\/product_cat?post=1467"},{"taxonomy":"product_tag","embeddable":true,"href":"https:\/\/tiendasolutia.com\/en\/wp-json\/wp\/v2\/product_tag?post=1467"}],"curies":[{"name":"wp","href":"https:\/\/api.w.org\/{rel}","templated":true}]}}