{"id":1486,"date":"2024-05-13T18:11:51","date_gmt":"2024-05-13T18:11:51","guid":{"rendered":"https:\/\/tiendasolutia.com\/?post_type=product&#038;p=1486"},"modified":"2024-12-11T08:15:41","modified_gmt":"2024-12-11T07:15:41","slug":"pack-chromebook-lenovo-300e-cbktcmpg","status":"publish","type":"product","link":"https:\/\/tiendasolutia.com\/en\/market\/pack-chromebook-lenovo-300e-cbktcmpg\/","title":{"rendered":"Pack Chromebook Lenovo 300e (extensi\u00f3n de garant\u00eda, licencia Google, canon digital)"},"content":{"rendered":"<p>This educational pack is designed to facilitate online education for all students safely and efficiently. It includes the Lenovo 300e 4th generation Chromebook, which, along with the Google Education Upgrade license, provides students with access to exclusive Google educational tools and applications.<\/p>\n<p>Furthermore, these tools will allow all students the possibility to create high-quality presentations and school projects.<\/p>\n<p>On the other hand, the coverage of warranty and accidental damages for 4 years will give you peace of mind and confidence in the investment you make for your children's education.<\/p>\n<p>With this educational pack, boys and girls will have everything they need to succeed in their studies and be protected while doing so.<\/p>\n<p>Make your children's education as easy and safe as possible with the Lenovo 300e 4th generation educational pack with Google Education Upgrade license!<\/p>","protected":false},"excerpt":{"rendered":"<p>Consigue ahora el Pack del Chromebook Lenovo 300e Gen4 con licencia Google Education Upgrade, Canon Digital y la cobertura de garant\u00eda y da\u00f1os accidentales durante 4 a\u00f1os.<\/p>\n<p><strong>Note<\/strong>: It's important that before adding your order to the cart, you enter the name of the student in the field below.<\/p>","protected":false},"featured_media":38,"template":"","meta":{"_acf_changed":false,"_et_pb_use_builder":"","_et_pb_old_content":"","_et_gb_content_width":""},"product_brand":[],"product_cat":[21],"product_tag":[22],"class_list":{"0":"post-1486","1":"product","2":"type-product","3":"status-publish","4":"has-post-thumbnail","6":"product_cat-chromebooks","7":"product_tag-pack","9":"first","10":"outofstock","11":"virtual","12":"purchasable","13":"product-type-simple"},"acf":[],"_links":{"self":[{"href":"https:\/\/tiendasolutia.com\/en\/wp-json\/wp\/v2\/product\/1486","targetHints":{"allow":["GET"]}}],"collection":[{"href":"https:\/\/tiendasolutia.com\/en\/wp-json\/wp\/v2\/product"}],"about":[{"href":"https:\/\/tiendasolutia.com\/en\/wp-json\/wp\/v2\/types\/product"}],"wp:featuredmedia":[{"embeddable":true,"href":"https:\/\/tiendasolutia.com\/en\/wp-json\/wp\/v2\/media\/38"}],"wp:attachment":[{"href":"https:\/\/tiendasolutia.com\/en\/wp-json\/wp\/v2\/media?parent=1486"}],"wp:term":[{"taxonomy":"product_brand","embeddable":true,"href":"https:\/\/tiendasolutia.com\/en\/wp-json\/wp\/v2\/product_brand?post=1486"},{"taxonomy":"product_cat","embeddable":true,"href":"https:\/\/tiendasolutia.com\/en\/wp-json\/wp\/v2\/product_cat?post=1486"},{"taxonomy":"product_tag","embeddable":true,"href":"https:\/\/tiendasolutia.com\/en\/wp-json\/wp\/v2\/product_tag?post=1486"}],"curies":[{"name":"wp","href":"https:\/\/api.w.org\/{rel}","templated":true}]}}