{"id":1565,"date":"2024-05-16T16:06:07","date_gmt":"2024-05-16T14:06:07","guid":{"rendered":"https:\/\/tiendasolutia.com\/?post_type=product&#038;p=1565"},"modified":"2024-12-11T08:15:21","modified_gmt":"2024-12-11T07:15:21","slug":"pack-chromebook-lenovo-300e-extension-de-garantia-canon-digital-cbkcmt","status":"publish","type":"product","link":"https:\/\/tiendasolutia.com\/en\/market\/pack-chromebook-lenovo-300e-extension-de-garantia-canon-digital-cbkcmt\/","title":{"rendered":"Pack Chromebook Lenovo 300e (extensi\u00f3n de garant\u00eda, canon digital)"},"content":{"rendered":"<p>Este pack educativo est\u00e1 dise\u00f1ado para facilitar la educaci\u00f3n online de todo el alumnado de manera segura y eficiente. Con el ordenador Chromebook Lenovo 300e de 4\u00aa generaci\u00f3n el alumnado tendr\u00e1 acceso a herramientas educativas y aplicaciones exclusivas de Google.<\/p>\n<p>Furthermore, these tools will allow all students the possibility to create high-quality presentations and school projects.<\/p>\n<p>On the other hand, the coverage of warranty and accidental damages for 4 years will give you peace of mind and confidence in the investment you make for your children's education.<\/p>\n<p>With this educational pack, boys and girls will have everything they need to succeed in their studies and be protected while doing so.<\/p>\n<p>\u00a1Haz que la educaci\u00f3n de tus hijos sea lo m\u00e1s f\u00e1cil y segura posible con el pack educativo Lenovo 300e de 4\u00aa generaci\u00f3n con ampliaci\u00f3n de garant\u00eda de 4 a\u00f1os!<\/p>","protected":false},"excerpt":{"rendered":"<p>Consigue ahora el Pack del Chromebook Lenovo 300e de 4\u00aa generaci\u00f3n con la licencia Google, Canon Digital, Filtrado de Contenido y la cobertura de garant\u00eda y da\u00f1os accidentales durante 4 a\u00f1os.<\/p>\n<p><strong>Note<\/strong>: It's important that before adding your order to the cart, you enter the name of the student in the field below.<\/p>","protected":false},"featured_media":38,"template":"","meta":{"_acf_changed":false,"_et_pb_use_builder":"","_et_pb_old_content":"","_et_gb_content_width":""},"product_brand":[],"product_cat":[21],"product_tag":[22],"class_list":{"0":"post-1565","1":"product","2":"type-product","3":"status-publish","4":"has-post-thumbnail","6":"product_cat-chromebooks","7":"product_tag-pack","9":"first","10":"outofstock","11":"virtual","12":"purchasable","13":"product-type-simple"},"acf":[],"_links":{"self":[{"href":"https:\/\/tiendasolutia.com\/en\/wp-json\/wp\/v2\/product\/1565","targetHints":{"allow":["GET"]}}],"collection":[{"href":"https:\/\/tiendasolutia.com\/en\/wp-json\/wp\/v2\/product"}],"about":[{"href":"https:\/\/tiendasolutia.com\/en\/wp-json\/wp\/v2\/types\/product"}],"wp:featuredmedia":[{"embeddable":true,"href":"https:\/\/tiendasolutia.com\/en\/wp-json\/wp\/v2\/media\/38"}],"wp:attachment":[{"href":"https:\/\/tiendasolutia.com\/en\/wp-json\/wp\/v2\/media?parent=1565"}],"wp:term":[{"taxonomy":"product_brand","embeddable":true,"href":"https:\/\/tiendasolutia.com\/en\/wp-json\/wp\/v2\/product_brand?post=1565"},{"taxonomy":"product_cat","embeddable":true,"href":"https:\/\/tiendasolutia.com\/en\/wp-json\/wp\/v2\/product_cat?post=1565"},{"taxonomy":"product_tag","embeddable":true,"href":"https:\/\/tiendasolutia.com\/en\/wp-json\/wp\/v2\/product_tag?post=1565"}],"curies":[{"name":"wp","href":"https:\/\/api.w.org\/{rel}","templated":true}]}}