{"id":1662,"date":"2024-05-18T18:40:08","date_gmt":"2024-05-18T16:40:08","guid":{"rendered":"https:\/\/tiendasolutia.com\/?post_type=product&#038;p=1662"},"modified":"2026-04-19T11:49:36","modified_gmt":"2026-04-19T09:49:36","slug":"pack-licencia-chrome-cbktcre","status":"publish","type":"product","link":"https:\/\/tiendasolutia.com\/en\/market\/pack-licencia-chrome-cbktcre\/","title":{"rendered":"Pack Licencia Chrome"},"content":{"rendered":"<p>El pack Licencia Google Education Upgrade es la clave para garantizar una experiencia de aprendizaje segura y productiva para tus hijos. Con esta poderosa soluci\u00f3n, puedes estar tranquilo sabiendo que tus hijos est\u00e1n protegidos y respaldados por las herramientas m\u00e1s avanzadas.<\/p>\n<p>La licencia Google Education Upgrade brinda acceso a un conjunto completo de herramientas y aplicaciones educativas de Google. Tus hijos podr\u00e1n aprovechar al m\u00e1ximo las funciones exclusivas de Google para el aprendizaje en l\u00ednea, colaborar con sus compa\u00f1eros de clase y acceder a recursos educativos de alta calidad.<\/p>\n<p>La seguridad y protecci\u00f3n de tus hijos es nuestra prioridad. Con el pack Licencia Google Education Upgrade, puedes estar seguro de que tus hijos est\u00e1n teniendo una experiencia de aprendizaje segura, respaldada por herramientas educativas de vanguardia.<\/p>","protected":false},"excerpt":{"rendered":"<p>Consigue ahora el Pack de Licencia Google Education Upgrade.<\/p>\n<p><strong>Note<\/strong>: It's important that before adding your order to the cart, you enter the name of the student in the field below.<\/p>","protected":false},"featured_media":1596,"template":"","meta":{"_acf_changed":false,"_et_pb_use_builder":"","_et_pb_old_content":"","_et_gb_content_width":""},"product_brand":[],"product_cat":[23],"product_tag":[22],"class_list":{"0":"post-1662","1":"product","2":"type-product","3":"status-publish","4":"has-post-thumbnail","6":"product_cat-licencias","7":"product_tag-pack","9":"first","10":"instock","11":"virtual","12":"purchasable","13":"product-type-simple"},"acf":[],"_links":{"self":[{"href":"https:\/\/tiendasolutia.com\/en\/wp-json\/wp\/v2\/product\/1662","targetHints":{"allow":["GET"]}}],"collection":[{"href":"https:\/\/tiendasolutia.com\/en\/wp-json\/wp\/v2\/product"}],"about":[{"href":"https:\/\/tiendasolutia.com\/en\/wp-json\/wp\/v2\/types\/product"}],"wp:featuredmedia":[{"embeddable":true,"href":"https:\/\/tiendasolutia.com\/en\/wp-json\/wp\/v2\/media\/1596"}],"wp:attachment":[{"href":"https:\/\/tiendasolutia.com\/en\/wp-json\/wp\/v2\/media?parent=1662"}],"wp:term":[{"taxonomy":"product_brand","embeddable":true,"href":"https:\/\/tiendasolutia.com\/en\/wp-json\/wp\/v2\/product_brand?post=1662"},{"taxonomy":"product_cat","embeddable":true,"href":"https:\/\/tiendasolutia.com\/en\/wp-json\/wp\/v2\/product_cat?post=1662"},{"taxonomy":"product_tag","embeddable":true,"href":"https:\/\/tiendasolutia.com\/en\/wp-json\/wp\/v2\/product_tag?post=1662"}],"curies":[{"name":"wp","href":"https:\/\/api.w.org\/{rel}","templated":true}]}}