{"id":1700,"date":"2024-05-20T14:49:01","date_gmt":"2024-05-20T12:49:01","guid":{"rendered":"https:\/\/tiendasolutia.com\/?post_type=product&#038;p=1700"},"modified":"2024-09-03T15:12:31","modified_gmt":"2024-09-03T13:12:31","slug":"pack-chromebook-lenovo-300e-pen-cbktcmpg","status":"publish","type":"product","link":"https:\/\/tiendasolutia.com\/en\/market\/pack-chromebook-lenovo-300e-pen-cbktcmpg\/","title":{"rendered":"Pack Chromebook Lenovo 300e (pen, extensi\u00f3n de garant\u00eda, licencia Google, canon digital)"},"content":{"rendered":"<p>Este pack educativo est\u00e1 dise\u00f1ado para facilitar la educaci\u00f3n en l\u00ednea de todo el alumnado de manera segura y eficiente. Incluye el ordenador Chromebook Lenovo 300e de 4\u00aa generaci\u00f3n, equipado con un potente procesador MediaTek MT8186 y una pantalla t\u00e1ctil para una experiencia interactiva excepcional. Adem\u00e1s, cuenta con memoria RAM de 8GB y un almacenamiento de 64GB, lo que garantiza un rendimiento \u00e1gil y suficiente espacio para documentos, aplicaciones educativas y multimedia.<\/p>\n<p>Junto con la licencia Google Education Upgrade, el alumnado tendr\u00e1 acceso a una amplia variedad de herramientas educativas y aplicaciones exclusivas de Google. Estas herramientas permitir\u00e1n a todo el alumnado realizar presentaciones y proyectos escolares de alta calidad, fomentando la creatividad y el aprendizaje colaborativo.<\/p>\n<p>Por otro lado, la cobertura de garant\u00eda y da\u00f1os accidentales durante 4 a\u00f1os te brindar\u00e1 tranquilidad y confianza en la inversi\u00f3n que haces para la educaci\u00f3n de tus hijos e hijas. Con este pack educativo, los chicos y chicas tendr\u00e1n todo lo necesario para tener \u00e9xito en sus estudios y estar protegidos mientras lo hacen.<\/p>\n<p>Haz que la educaci\u00f3n de tus hijos sea lo m\u00e1s f\u00e1cil y segura posible con el pack educativo Lenovo 300e de 4\u00aa generaci\u00f3n con licencia Google Education Upgrade y pantalla t\u00e1ctil, junto con el l\u00e1piz digital incluido para una experiencia de aprendizaje a\u00fan m\u00e1s interactiva.<\/p>","protected":false},"excerpt":{"rendered":"<p>Consigue ahora el Pack del Chromebook Lenovo 300e Gen4 con pen, licencia Google Education Upgrade, Canon Digital y la cobertura de garant\u00eda y da\u00f1os accidentales durante 4 a\u00f1os.<\/p>\n<p><strong>Note<\/strong>: It's important that before adding your order to the cart, you enter the name of the student in the field below.<\/p>","protected":false},"featured_media":38,"template":"","meta":{"_acf_changed":false,"_et_pb_use_builder":"","_et_pb_old_content":"","_et_gb_content_width":""},"product_brand":[],"product_cat":[21],"product_tag":[22],"class_list":{"0":"post-1700","1":"product","2":"type-product","3":"status-publish","4":"has-post-thumbnail","6":"product_cat-chromebooks","7":"product_tag-pack","9":"first","10":"outofstock","11":"virtual","12":"purchasable","13":"product-type-simple"},"acf":[],"_links":{"self":[{"href":"https:\/\/tiendasolutia.com\/en\/wp-json\/wp\/v2\/product\/1700","targetHints":{"allow":["GET"]}}],"collection":[{"href":"https:\/\/tiendasolutia.com\/en\/wp-json\/wp\/v2\/product"}],"about":[{"href":"https:\/\/tiendasolutia.com\/en\/wp-json\/wp\/v2\/types\/product"}],"wp:featuredmedia":[{"embeddable":true,"href":"https:\/\/tiendasolutia.com\/en\/wp-json\/wp\/v2\/media\/38"}],"wp:attachment":[{"href":"https:\/\/tiendasolutia.com\/en\/wp-json\/wp\/v2\/media?parent=1700"}],"wp:term":[{"taxonomy":"product_brand","embeddable":true,"href":"https:\/\/tiendasolutia.com\/en\/wp-json\/wp\/v2\/product_brand?post=1700"},{"taxonomy":"product_cat","embeddable":true,"href":"https:\/\/tiendasolutia.com\/en\/wp-json\/wp\/v2\/product_cat?post=1700"},{"taxonomy":"product_tag","embeddable":true,"href":"https:\/\/tiendasolutia.com\/en\/wp-json\/wp\/v2\/product_tag?post=1700"}],"curies":[{"name":"wp","href":"https:\/\/api.w.org\/{rel}","templated":true}]}}