{"id":1703,"date":"2024-05-20T15:04:30","date_gmt":"2024-05-20T13:04:30","guid":{"rendered":"https:\/\/tiendasolutia.com\/?post_type=product&#038;p=1703"},"modified":"2024-12-11T08:14:04","modified_gmt":"2024-12-11T07:14:04","slug":"pack-chromebook-lenovo-100e-cbktcmpg","status":"publish","type":"product","link":"https:\/\/tiendasolutia.com\/en\/market\/pack-chromebook-lenovo-100e-cbktcmpg\/","title":{"rendered":"Pack Chromebook Lenovo 100e (extensi\u00f3n de garant\u00eda, licencia Google, configuraci\u00f3n inicial, canon digital)"},"content":{"rendered":"<p>The Lenovo Chromebook 100e 4th Gen Education Pack is the perfect companion for your child's online learning. With an 11.6\u2033 screen and powerful performance driven by the Intel N100 processor, this Chromebook provides a smooth and efficient user experience.<\/p>\n<p>With 4GB of RAM and 32GB of storage, your children will have plenty of space to store their documents, presentations, and educational apps without any issues. The compact size of this Chromebook makes it perfect for taking anywhere, adapting to your children's learning needs.<\/p>\n<p>Additionally, the Google Education Upgrade license provides access to a wide range of Google educational tools and applications. Your children will be able to collaborate, create, and explore high-quality educational content, enhancing their learning experience.<\/p>\n<p>This educational pack also includes a 4-year warranty and accidental damage coverage, providing you with peace of mind and security for your long-term investment.<\/p>\n<p>Get the Lenovo 100e Gen4 pack with Intel N100 processor, 4GB RAM, and 32GB storage (non-touch) with Google Education Upgrade license and 4-year warranty and accidental damage coverage now, and provide your children with the tools they need to succeed in their digital education.<\/p>","protected":false},"excerpt":{"rendered":"<p>Get the Lenovo 100e Gen4 Chromebook Pack now with Google Education Upgrade license, Digital Canon, and 4-year warranty and accidental damage coverage.<\/p>\n<p><strong>Note<\/strong>: It's important that before adding your order to the cart, you enter the name of the student in the field below.<\/p>","protected":false},"featured_media":1153,"template":"","meta":{"_acf_changed":false,"_et_pb_use_builder":"","_et_pb_old_content":"","_et_gb_content_width":""},"product_brand":[],"product_cat":[21],"product_tag":[22],"class_list":{"0":"post-1703","1":"product","2":"type-product","3":"status-publish","4":"has-post-thumbnail","6":"product_cat-chromebooks","7":"product_tag-pack","9":"first","10":"outofstock","11":"virtual","12":"purchasable","13":"product-type-simple"},"acf":[],"_links":{"self":[{"href":"https:\/\/tiendasolutia.com\/en\/wp-json\/wp\/v2\/product\/1703","targetHints":{"allow":["GET"]}}],"collection":[{"href":"https:\/\/tiendasolutia.com\/en\/wp-json\/wp\/v2\/product"}],"about":[{"href":"https:\/\/tiendasolutia.com\/en\/wp-json\/wp\/v2\/types\/product"}],"wp:featuredmedia":[{"embeddable":true,"href":"https:\/\/tiendasolutia.com\/en\/wp-json\/wp\/v2\/media\/1153"}],"wp:attachment":[{"href":"https:\/\/tiendasolutia.com\/en\/wp-json\/wp\/v2\/media?parent=1703"}],"wp:term":[{"taxonomy":"product_brand","embeddable":true,"href":"https:\/\/tiendasolutia.com\/en\/wp-json\/wp\/v2\/product_brand?post=1703"},{"taxonomy":"product_cat","embeddable":true,"href":"https:\/\/tiendasolutia.com\/en\/wp-json\/wp\/v2\/product_cat?post=1703"},{"taxonomy":"product_tag","embeddable":true,"href":"https:\/\/tiendasolutia.com\/en\/wp-json\/wp\/v2\/product_tag?post=1703"}],"curies":[{"name":"wp","href":"https:\/\/api.w.org\/{rel}","templated":true}]}}