{"id":2079,"date":"2024-05-26T20:34:17","date_gmt":"2024-05-26T18:34:17","guid":{"rendered":"https:\/\/tiendasolutia.com\/?post_type=product&#038;p=2079"},"modified":"2024-12-26T08:46:44","modified_gmt":"2024-12-26T07:46:44","slug":"pack-chromebook-lenovo-500e-3y-cbktlfm","status":"publish","type":"product","link":"https:\/\/tiendasolutia.com\/en\/market\/pack-chromebook-lenovo-500e-3y-cbktlfm\/","title":{"rendered":"Pack Chromebook Lenovo 500e &#8211; 3Y (extensi\u00f3n de garant\u00eda, licencia Google, canon digital)"},"content":{"rendered":"<p>Este completo pack educativo ha sido especialmente dise\u00f1ado para satisfacer las necesidades de los estudiantes en un entorno digital. El Chromebook Lenovo 500e Gen 4 es una poderosa herramienta de aprendizaje con caracter\u00edsticas excepcionales.<\/p>\n<p>Equipado con un procesador Intel N100 Quad-core, este Chromebook proporciona un rendimiento \u00e1gil y una respuesta r\u00e1pida, asegurando que tus hijos puedan realizar sus tareas y proyectos sin problemas. Con 8GB de RAM y 64GB de almacenamiento, hay suficiente espacio para guardar documentos, fotos y aplicaciones educativas.<\/p>\n<p>La pantalla t\u00e1ctil convertible de 12.2&#8243; con resoluci\u00f3n WUXGA (1920 x 1200) del Chromebook permite una experiencia vers\u00e1til de uso, adapt\u00e1ndose a diferentes modos seg\u00fan las necesidades de los estudiantes. Adem\u00e1s, la doble c\u00e1mara integrada facilita la captura de im\u00e1genes y videos con claridad, lo que hace que la creaci\u00f3n de proyectos visuales y presentaciones sea a\u00fan m\u00e1s impactante.<\/p>\n<p>El l\u00e1piz digital incluido brinda una experiencia de escritura y dibujo fluida y precisa, fomentando la creatividad y la expresi\u00f3n art\u00edstica de tus hijos.<\/p>\n<p>La licencia Google Education Upgrade garantiza que tus hijos tengan acceso a una amplia gama de herramientas educativas y aplicaciones exclusivas de Google, lo que les permite aprovechar al m\u00e1ximo su experiencia de aprendizaje en l\u00ednea.<\/p>\n<p>Para mayor tranquilidad y protecci\u00f3n, este pack educativo incluye una cobertura de garant\u00eda y da\u00f1os accidentales durante 3 a\u00f1os, asegurando una mayor durabilidad y confiabilidad a largo plazo.<\/p>","protected":false},"excerpt":{"rendered":"<p>Consigue ahora el Pack del Chromebook Lenovo 500e de 4\u00aa generaci\u00f3n, de 12.2&#8243; con la licencia Google, Canon Digital y la cobertura de garant\u00eda y da\u00f1os accidentales durante 3 a\u00f1os.<\/p>\n<p><strong>Note<\/strong>: It's important that before adding your order to the cart, you enter the name of the student in the field below.<\/p>","protected":false},"featured_media":1152,"template":"","meta":{"_acf_changed":false,"_et_pb_use_builder":"","_et_pb_old_content":"","_et_gb_content_width":""},"product_brand":[],"product_cat":[21],"product_tag":[22],"class_list":{"0":"post-2079","1":"product","2":"type-product","3":"status-publish","4":"has-post-thumbnail","6":"product_cat-chromebooks","7":"product_tag-pack","9":"first","10":"instock","11":"virtual","12":"purchasable","13":"product-type-simple"},"acf":[],"_links":{"self":[{"href":"https:\/\/tiendasolutia.com\/en\/wp-json\/wp\/v2\/product\/2079","targetHints":{"allow":["GET"]}}],"collection":[{"href":"https:\/\/tiendasolutia.com\/en\/wp-json\/wp\/v2\/product"}],"about":[{"href":"https:\/\/tiendasolutia.com\/en\/wp-json\/wp\/v2\/types\/product"}],"wp:featuredmedia":[{"embeddable":true,"href":"https:\/\/tiendasolutia.com\/en\/wp-json\/wp\/v2\/media\/1152"}],"wp:attachment":[{"href":"https:\/\/tiendasolutia.com\/en\/wp-json\/wp\/v2\/media?parent=2079"}],"wp:term":[{"taxonomy":"product_brand","embeddable":true,"href":"https:\/\/tiendasolutia.com\/en\/wp-json\/wp\/v2\/product_brand?post=2079"},{"taxonomy":"product_cat","embeddable":true,"href":"https:\/\/tiendasolutia.com\/en\/wp-json\/wp\/v2\/product_cat?post=2079"},{"taxonomy":"product_tag","embeddable":true,"href":"https:\/\/tiendasolutia.com\/en\/wp-json\/wp\/v2\/product_tag?post=2079"}],"curies":[{"name":"wp","href":"https:\/\/api.w.org\/{rel}","templated":true}]}}