{"id":2320,"date":"2024-06-07T17:02:25","date_gmt":"2024-06-07T15:02:25","guid":{"rendered":"https:\/\/tiendasolutia.com\/?post_type=product&#038;p=2320"},"modified":"2025-02-04T17:25:31","modified_gmt":"2025-02-04T16:25:31","slug":"pack-chromebook-lenovo-100e-4y-emwb","status":"publish","type":"product","link":"https:\/\/tiendasolutia.com\/en\/market\/pack-chromebook-lenovo-100e-4y-emwb\/","title":{"rendered":"Pack Chromebook Lenovo 100e &#8211; 4Y (filtrado de contenidos, extensi\u00f3n de garant\u00eda, licencia Google, canon digital)"},"content":{"rendered":"<p>The Lenovo Chromebook 100e 4th Gen Education Pack is the perfect companion for your child's online learning. With an 11.6\u2033 screen and powerful performance driven by the Intel N100 processor, this Chromebook provides a smooth and efficient user experience.<\/p>\n<p>With 4GB of RAM and 32GB of storage, your children will have plenty of space to store their documents, presentations, and educational apps without any issues. The compact size of this Chromebook makes it perfect for taking anywhere, adapting to your children's learning needs.<\/p>\n<p>Additionally, the Google Education Upgrade license provides access to a wide range of Google educational tools and applications. Your children will be able to collaborate, create, and explore high-quality educational content, enhancing their learning experience.<\/p>\n<p>Content filtering is a feature that allows setting time limits and access restrictions to certain websites, protecting all students from inappropriate content. Additionally, the 4-year warranty and accidental damage coverage provide peace of mind and confidence in your investment in your children's education.<\/p>\n<p>Adquiere ahora el pack del Lenovo 100e Gen4 procesador Intel N100 con 4GB RAM y 32 GB de almacenamiento (no t\u00e1ctil) con licencia Google Education Upgrade, filtrado de contenido durante 1 a\u00f1o y cobertura de garant\u00eda y da\u00f1os accidentales por 4 a\u00f1os, y brinda a tus hijos\/as las herramientas que necesitan para tener \u00e9xito en su educaci\u00f3n digital.<\/p>","protected":false},"excerpt":{"rendered":"<p>Consigue ahora el Pack del Chromebook Lenovo 100e de 4\u00aa generaci\u00f3n con la licencia Google, Canon Digital, filtro de contenido y la cobertura de garant\u00eda y da\u00f1os accidentales durante 4 a\u00f1os.<\/p>\n<p><strong>Note<\/strong>: It's important that before adding your order to the cart, you enter the name of the student in the field below.<\/p>","protected":false},"featured_media":1153,"template":"","meta":{"_acf_changed":false,"_et_pb_use_builder":"","_et_pb_old_content":"","_et_gb_content_width":""},"product_brand":[],"product_cat":[21],"product_tag":[22],"class_list":{"0":"post-2320","1":"product","2":"type-product","3":"status-publish","4":"has-post-thumbnail","6":"product_cat-chromebooks","7":"product_tag-pack","9":"first","10":"outofstock","11":"virtual","12":"purchasable","13":"product-type-simple"},"acf":[],"_links":{"self":[{"href":"https:\/\/tiendasolutia.com\/en\/wp-json\/wp\/v2\/product\/2320","targetHints":{"allow":["GET"]}}],"collection":[{"href":"https:\/\/tiendasolutia.com\/en\/wp-json\/wp\/v2\/product"}],"about":[{"href":"https:\/\/tiendasolutia.com\/en\/wp-json\/wp\/v2\/types\/product"}],"wp:featuredmedia":[{"embeddable":true,"href":"https:\/\/tiendasolutia.com\/en\/wp-json\/wp\/v2\/media\/1153"}],"wp:attachment":[{"href":"https:\/\/tiendasolutia.com\/en\/wp-json\/wp\/v2\/media?parent=2320"}],"wp:term":[{"taxonomy":"product_brand","embeddable":true,"href":"https:\/\/tiendasolutia.com\/en\/wp-json\/wp\/v2\/product_brand?post=2320"},{"taxonomy":"product_cat","embeddable":true,"href":"https:\/\/tiendasolutia.com\/en\/wp-json\/wp\/v2\/product_cat?post=2320"},{"taxonomy":"product_tag","embeddable":true,"href":"https:\/\/tiendasolutia.com\/en\/wp-json\/wp\/v2\/product_tag?post=2320"}],"curies":[{"name":"wp","href":"https:\/\/api.w.org\/{rel}","templated":true}]}}