{"id":3655,"date":"2025-05-16T13:50:50","date_gmt":"2025-05-16T11:50:50","guid":{"rendered":"https:\/\/tiendasolutia.com\/market\/pack-lenovo-500e-garantias-3y-colegio-lycee-francais-international-moliere\/"},"modified":"2025-06-17T09:29:59","modified_gmt":"2025-06-17T07:29:59","slug":"pack-lenovo-500e-garantias-3y-colegio-lycee-francais-international-moliere","status":"publish","type":"product","link":"https:\/\/tiendasolutia.com\/en\/market\/pack-lenovo-500e-garantias-3y-colegio-lycee-francais-international-moliere\/","title":{"rendered":"Pack Lenovo 500e 4Y &#8211; (Colegio Lyc\u00e9e Fran\u00e7ais International Moli\u00e8re)"},"content":{"rendered":"<ol>\n<li data-list=\"bullet\"><span class=\"ql-ui\"><\/span><span>Lenovo 500e Gen4 N100 8\/64 WFC PEN CH (t\u00e1ctil 12.2&#8243;) <\/span><\/li>\n<li data-list=\"bullet\"><span class=\"ql-ui\"><\/span><span>Licencia de Chrome Education Upgrade <\/span><\/li>\n<li data-list=\"bullet\"><span class=\"ql-ui\"><\/span><span>Canon Digital<\/span><\/li>\n<li data-list=\"bullet\"><span class=\"ql-ui\"><\/span><span>Lenovo Garant\u00eda &#8211; 4Y Accidental Damage Protection compatible with Depot\/CCI delivery <\/span><\/li>\n<\/ol>","protected":false},"excerpt":{"rendered":"<p>Lenovo 500e Gen4 N100 8\/64 WFC PEN CH (t\u00e1ctil 12.2&#8243;) Licencia de Chrome Education Upgrade Canon Digital Lenovo Garant\u00eda &#8211; 4Y Accidental Damage Protection compatible with Depot\/CCI delivery<\/p>","protected":false},"featured_media":3738,"template":"","meta":{"_acf_changed":false,"_et_pb_use_builder":"","_et_pb_old_content":"","_et_gb_content_width":""},"product_brand":[],"product_cat":[],"product_tag":[],"class_list":{"0":"post-3655","1":"product","2":"type-product","3":"status-publish","4":"has-post-thumbnail","7":"first","8":"instock","9":"shipping-taxable","10":"purchasable","11":"product-type-simple"},"acf":[],"_links":{"self":[{"href":"https:\/\/tiendasolutia.com\/en\/wp-json\/wp\/v2\/product\/3655","targetHints":{"allow":["GET"]}}],"collection":[{"href":"https:\/\/tiendasolutia.com\/en\/wp-json\/wp\/v2\/product"}],"about":[{"href":"https:\/\/tiendasolutia.com\/en\/wp-json\/wp\/v2\/types\/product"}],"wp:featuredmedia":[{"embeddable":true,"href":"https:\/\/tiendasolutia.com\/en\/wp-json\/wp\/v2\/media\/3738"}],"wp:attachment":[{"href":"https:\/\/tiendasolutia.com\/en\/wp-json\/wp\/v2\/media?parent=3655"}],"wp:term":[{"taxonomy":"product_brand","embeddable":true,"href":"https:\/\/tiendasolutia.com\/en\/wp-json\/wp\/v2\/product_brand?post=3655"},{"taxonomy":"product_cat","embeddable":true,"href":"https:\/\/tiendasolutia.com\/en\/wp-json\/wp\/v2\/product_cat?post=3655"},{"taxonomy":"product_tag","embeddable":true,"href":"https:\/\/tiendasolutia.com\/en\/wp-json\/wp\/v2\/product_tag?post=3655"}],"curies":[{"name":"wp","href":"https:\/\/api.w.org\/{rel}","templated":true}]}}