{"id":3952,"date":"2025-07-01T10:20:59","date_gmt":"2025-07-01T08:20:59","guid":{"rendered":"https:\/\/tiendasolutia.com\/market\/pack-chromebook-lenovo-100e-tienda-de-ejemplo-solutia\/"},"modified":"2025-07-01T10:20:59","modified_gmt":"2025-07-01T08:20:59","slug":"pack-chromebook-lenovo-100e-tienda-de-ejemplo-solutia","status":"publish","type":"product","link":"https:\/\/tiendasolutia.com\/en\/market\/pack-chromebook-lenovo-100e-tienda-de-ejemplo-solutia\/","title":{"rendered":"Pack Chromebook Lenovo 100e &#8211; (TIENDA DE EJEMPLO: SOLUTIA)"},"content":{"rendered":"<ol>\n<li data-list=\"bullet\"><span class=\"ql-ui\"><\/span><strong style=\"background-color: transparent\">Chromebook Lenovo 100e<\/strong><span style=\"background-color: transparent\"> (4GB \/ 32GB) Gen4.<\/span><\/li>\n<li data-list=\"bullet\"><span class=\"ql-ui\"><\/span><strong style=\"background-color: transparent\">Warranty extension<\/strong><span style=\"background-color: transparent\"> Accidental Damage Protection compatible with Depot\/CCI delivery (3 years).<\/span><\/li>\n<li data-list=\"bullet\"><span class=\"ql-ui\"><\/span><strong style=\"background-color: transparent\">Gesti\u00f3n<\/strong><span style=\"background-color: transparent\"> de la garant\u00eda y accidentes del dispositivo.<\/span><\/li>\n<li data-list=\"bullet\"><span class=\"ql-ui\"><\/span><strong style=\"background-color: transparent\">Digital Canon<\/strong><span style=\"background-color: transparent\">.<\/span><\/li>\n<\/ol>\n<p><\/p>\n<p><strong style=\"background-color: transparent\">LA COMPRA DE ESTA OPCI\u00d3N INCLUYE:<\/strong><\/p>\n<p><\/p>\n<ol>\n<li data-list=\"bullet\"><span class=\"ql-ui\"><\/span><strong style=\"background-color: transparent\">Filtrado de contenidos<\/strong><span style=\"background-color: transparent\"> (3 a\u00f1os).<\/span><\/li>\n<li data-list=\"bullet\"><span class=\"ql-ui\"><\/span><strong style=\"background-color: transparent\">Google Education Upgrade License<\/strong><span style=\"background-color: transparent\">.<\/span><\/li>\n<li data-list=\"bullet\"><span class=\"ql-ui\"><\/span><strong style=\"background-color: transparent\">Dispositivo de sustituci\u00f3n<\/strong><span style=\"background-color: transparent\"> en caso de incidencia.<\/span><\/li>\n<li data-list=\"bullet\"><span class=\"ql-ui\"><\/span><strong style=\"background-color: transparent\">Atenci\u00f3n personalizada<\/strong><span style=\"background-color: transparent\"> ante problemas con el dispositivo.<\/span><\/li>\n<\/ol>","protected":false},"excerpt":{"rendered":"<p>Chromebook Lenovo 100e (4GB \/ 32GB) Gen4. Extensi\u00f3n de Garant\u00eda Accidental Damage Protection compatible with Depot\/CCI delivery (3 a\u00f1os). Gesti\u00f3n de la garant\u00eda y accidentes del dispositivo. Canon digital. LA COMPRA DE ESTA OPCI\u00d3N INCLUYE: Filtrado de contenidos (3 a\u00f1os). Licencia Google Education Upgrade. Dispositivo de sustituci\u00f3n en caso de incidencia. Atenci\u00f3n personalizada ante problemas [&hellip;]<\/p>","protected":false},"featured_media":3953,"template":"","meta":{"_acf_changed":false,"_et_pb_use_builder":"","_et_pb_old_content":"","_et_gb_content_width":""},"product_brand":[],"product_cat":[],"product_tag":[],"class_list":{"0":"post-3952","1":"product","2":"type-product","3":"status-publish","4":"has-post-thumbnail","7":"first","8":"outofstock","9":"shipping-taxable","10":"purchasable","11":"product-type-simple"},"acf":[],"_links":{"self":[{"href":"https:\/\/tiendasolutia.com\/en\/wp-json\/wp\/v2\/product\/3952","targetHints":{"allow":["GET"]}}],"collection":[{"href":"https:\/\/tiendasolutia.com\/en\/wp-json\/wp\/v2\/product"}],"about":[{"href":"https:\/\/tiendasolutia.com\/en\/wp-json\/wp\/v2\/types\/product"}],"wp:featuredmedia":[{"embeddable":true,"href":"https:\/\/tiendasolutia.com\/en\/wp-json\/wp\/v2\/media\/3953"}],"wp:attachment":[{"href":"https:\/\/tiendasolutia.com\/en\/wp-json\/wp\/v2\/media?parent=3952"}],"wp:term":[{"taxonomy":"product_brand","embeddable":true,"href":"https:\/\/tiendasolutia.com\/en\/wp-json\/wp\/v2\/product_brand?post=3952"},{"taxonomy":"product_cat","embeddable":true,"href":"https:\/\/tiendasolutia.com\/en\/wp-json\/wp\/v2\/product_cat?post=3952"},{"taxonomy":"product_tag","embeddable":true,"href":"https:\/\/tiendasolutia.com\/en\/wp-json\/wp\/v2\/product_tag?post=3952"}],"curies":[{"name":"wp","href":"https:\/\/api.w.org\/{rel}","templated":true}]}}