{"id":3985,"date":"2025-07-01T14:16:49","date_gmt":"2025-07-01T12:16:49","guid":{"rendered":"https:\/\/tiendasolutia.com\/market\/pack-lenovo-100e-colegio-compania-de-maria-de-puente-genil-2\/"},"modified":"2025-07-01T14:16:49","modified_gmt":"2025-07-01T12:16:49","slug":"pack-lenovo-100e-colegio-compania-de-maria-de-puente-genil-2","status":"publish","type":"product","link":"https:\/\/tiendasolutia.com\/en\/market\/pack-lenovo-100e-colegio-compania-de-maria-de-puente-genil-2\/","title":{"rendered":"Pack Lenovo 100e &#8211; (Colegio Compa\u00f1\u00eda de Mar\u00eda de Puente Genil)"},"content":{"rendered":"<ol>\n<li data-list=\"bullet\"><span class=\"ql-ui\"><\/span><span>Lenovo 100e Gen4 N100 4\/32 WFC CH (t\u00e1ctil) <\/span><\/li>\n<li data-list=\"bullet\"><span class=\"ql-ui\"><\/span><span>Licencia Google Chrome Education Upgrade <\/span><\/li>\n<li data-list=\"bullet\"><span class=\"ql-ui\"><\/span><span>Canon Digital <\/span><\/li>\n<li data-list=\"bullet\"><span class=\"ql-ui\"><\/span><span>Lenovo Garant\u00eda &#8211; 4Y Accidental Damage Protection compatible with Depot\/CCI delivery <\/span><\/li>\n<\/ol>","protected":false},"excerpt":{"rendered":"<p>Lenovo 100e Gen4 N100 4\/32 WFC CH (t\u00e1ctil) Licencia Google Chrome Education Upgrade Canon Digital Lenovo Garant\u00eda &#8211; 4Y Accidental Damage Protection compatible with Depot\/CCI delivery<\/p>","protected":false},"featured_media":3986,"template":"","meta":{"_acf_changed":false,"_et_pb_use_builder":"","_et_pb_old_content":"","_et_gb_content_width":""},"product_brand":[],"product_cat":[],"product_tag":[],"class_list":{"0":"post-3985","1":"product","2":"type-product","3":"status-publish","4":"has-post-thumbnail","7":"first","8":"outofstock","9":"shipping-taxable","10":"purchasable","11":"product-type-simple"},"acf":[],"_links":{"self":[{"href":"https:\/\/tiendasolutia.com\/en\/wp-json\/wp\/v2\/product\/3985","targetHints":{"allow":["GET"]}}],"collection":[{"href":"https:\/\/tiendasolutia.com\/en\/wp-json\/wp\/v2\/product"}],"about":[{"href":"https:\/\/tiendasolutia.com\/en\/wp-json\/wp\/v2\/types\/product"}],"wp:featuredmedia":[{"embeddable":true,"href":"https:\/\/tiendasolutia.com\/en\/wp-json\/wp\/v2\/media\/3986"}],"wp:attachment":[{"href":"https:\/\/tiendasolutia.com\/en\/wp-json\/wp\/v2\/media?parent=3985"}],"wp:term":[{"taxonomy":"product_brand","embeddable":true,"href":"https:\/\/tiendasolutia.com\/en\/wp-json\/wp\/v2\/product_brand?post=3985"},{"taxonomy":"product_cat","embeddable":true,"href":"https:\/\/tiendasolutia.com\/en\/wp-json\/wp\/v2\/product_cat?post=3985"},{"taxonomy":"product_tag","embeddable":true,"href":"https:\/\/tiendasolutia.com\/en\/wp-json\/wp\/v2\/product_tag?post=3985"}],"curies":[{"name":"wp","href":"https:\/\/api.w.org\/{rel}","templated":true}]}}