{"id":78,"date":"2023-05-15T21:22:14","date_gmt":"2023-05-15T21:22:14","guid":{"rendered":"https:\/\/jesuitinaselche.tiendasolutia.com\/?post_type=product&#038;p=78"},"modified":"2024-09-30T11:43:23","modified_gmt":"2024-09-30T09:43:23","slug":"pack-lenovo-300e-gen4-cbk-je","status":"publish","type":"product","link":"https:\/\/tiendasolutia.com\/en\/market\/pack-lenovo-300e-gen4-cbk-je\/","title":{"rendered":"Pack Chromebook Lenovo 300e 4gen con Garantia 4Y (extensi\u00f3n de garant\u00eda 4Y, filtrado de contenidos, licencia Google, funda serigrafiada, configuraci\u00f3n inicial, canon digital)"},"content":{"rendered":"<p>Este pack educativo est\u00e1 dise\u00f1ado para facilitar la educaci\u00f3n online de todo el alumnado de manera segura y eficiente. Incluye el ordenador Chromebook Lenovo 300e de 4\u00aa generaci\u00f3n, que junto con la licencia Google Education Upgrade, permitir\u00e1 al alumnado tener acceso a las herramientas educativas y a las aplicaciones exclusivas de Google.<\/p>\n<p>Adem\u00e1s, estas herramientas permitir\u00e1n a todo el alumnado realizar presentaciones y proyectos escolares de alta calidad. La funda proteger\u00e1 el Chromebook de posibles da\u00f1os, para una larga duraci\u00f3n del equipo.<\/p>\n<p>Content filtering is a feature that allows setting time limits and access restrictions to certain websites, protecting all students from inappropriate content. Additionally, the 4-year warranty and accidental damage coverage provide peace of mind and confidence in your investment in your children's education.<\/p>\n<p>Con este pack educativo, los estudiantes tendr\u00e1n todo lo necesario para tener \u00e9xito en sus estudios y estar protegidos mientras lo hacen.<\/p>\n<p>Make your children's education as easy and safe as possible with the Lenovo 300e 4th generation educational pack with Google Education Upgrade license!<\/p>","protected":false},"excerpt":{"rendered":"<p>Consigue ahora el Pack del Chromebook Lenovo 300e de 4\u00aa generaci\u00f3n con la licencia Google, Canon Digital, Complemento, Filtrado de Contenido y la cobertura de garant\u00eda y da\u00f1os accidentales durante 4 a\u00f1os.<\/p>\n<p><strong>Note<\/strong>: It's important that before adding your order to the cart, you enter the name of the student in the field below.<\/p>","protected":false},"featured_media":38,"template":"","meta":{"_acf_changed":false,"_et_pb_use_builder":"","_et_pb_old_content":"","_et_gb_content_width":""},"product_brand":[],"product_cat":[21],"product_tag":[22],"class_list":{"0":"post-78","1":"product","2":"type-product","3":"status-publish","4":"has-post-thumbnail","6":"product_cat-chromebooks","7":"product_tag-pack","9":"first","10":"outofstock","11":"virtual","12":"purchasable","13":"product-type-simple"},"acf":[],"_links":{"self":[{"href":"https:\/\/tiendasolutia.com\/en\/wp-json\/wp\/v2\/product\/78","targetHints":{"allow":["GET"]}}],"collection":[{"href":"https:\/\/tiendasolutia.com\/en\/wp-json\/wp\/v2\/product"}],"about":[{"href":"https:\/\/tiendasolutia.com\/en\/wp-json\/wp\/v2\/types\/product"}],"wp:featuredmedia":[{"embeddable":true,"href":"https:\/\/tiendasolutia.com\/en\/wp-json\/wp\/v2\/media\/38"}],"wp:attachment":[{"href":"https:\/\/tiendasolutia.com\/en\/wp-json\/wp\/v2\/media?parent=78"}],"wp:term":[{"taxonomy":"product_brand","embeddable":true,"href":"https:\/\/tiendasolutia.com\/en\/wp-json\/wp\/v2\/product_brand?post=78"},{"taxonomy":"product_cat","embeddable":true,"href":"https:\/\/tiendasolutia.com\/en\/wp-json\/wp\/v2\/product_cat?post=78"},{"taxonomy":"product_tag","embeddable":true,"href":"https:\/\/tiendasolutia.com\/en\/wp-json\/wp\/v2\/product_tag?post=78"}],"curies":[{"name":"wp","href":"https:\/\/api.w.org\/{rel}","templated":true}]}}